{"id":616,"date":"2020-01-24T17:45:45","date_gmt":"2020-01-24T17:45:45","guid":{"rendered":"http:\/\/localhost:8080\/?page_id=616"},"modified":"2020-11-13T11:37:59","modified_gmt":"2020-11-13T11:37:59","slug":"legal-notice","status":"publish","type":"page","link":"https:\/\/playmoneyrace.com\/es\/legal-notice\/","title":{"rendered":"Aviso Legal"},"content":{"rendered":"<p><\/p>\n<h3>Money Race Studios<\/h3>\n<p><strong>Producido,\u00a0desarrollado y mantenido por<\/strong><\/p>\n<p>Relampago Interactive O\u00dc<\/p>\n<div>Sepapaja 6, Tallinn 15551, Harju, Estonia<\/div>\n<div>Registry code 14851523<\/div>\n<div>https:\/\/playmoneyrace.com<\/div>\n<div>info@playmoneyrace.com<\/div>\n<div><br \/><\/div>\n<div><strong>Atribuciones\u00a0y Cr\u00e9ditos<\/strong><\/div>\n<div>\n<br \/>\n<p>\u00abCheery Monday\u00bb<br \/>\nKevin MacLeod (incompetech.com)<br \/>\nLicensed under Creative Commons: By Attribution 3.0<br \/>\nhttp:\/\/creativecommons.org\/licenses\/by\/3.0\/<\/p>\n<\/div>\n<div>\u00a0<strong>T\u00e9rminos y Condiciones<\/strong><\/div>\n<p>1.- Objeto del Contrato Relampago Interactive O\u00dc (en adelante el Prestador), como entidad responsable del https:\/\/playmoneyrace.com (en adelante \u00absitio web\u00bb) y los juegos Money Race y Money Race 2 (\u201cJuego\u201d), el Sitio y el Juego se denominan el servicio (\u201cServicio\u201d), pone a disposici\u00f3n de los Usuarios este documento, que regula el uso del sitio web https:\/\/playmoneyrace.com, por que pretendemos cumplir con las obligaciones establecidas en la Ley 34\/2002 de Servicios de la Sociedad de la Informaci\u00f3n y Comercio Electr\u00f3nico (LSSICE o LSSI), as\u00ed como informar a todos los Usuarios sobre las condiciones de uso del Servicio. A trav\u00e9s del Servicio, Relampago Interactive O\u00dc proporciona a los usuarios el acceso y uso de diferentes servicios y contenidos puestos a disposici\u00f3n a trav\u00e9s del Servicio. Toda persona que acceda a este Servicio asume el papel de Usuario (en adelante, el Usuario), lo que en consecuencia implica la aceptaci\u00f3n plena y sin reservas de todas y cada una de las disposiciones incluidas en este aviso legal, as\u00ed como de las dem\u00e1s disposiciones legales que sean de aplicaci\u00f3n. un Usuario, debe leer atentamente este Aviso Legal para todas y cada una de las ocasiones en que acceda al Servicio, ya que puede haber modificaciones, siendo que el prestador se reserva el derecho a modificar cualquier tipo de informaci\u00f3n que pudiera aparecer en el\u00a0Servicio sin debiendo preavisar o poner en conocimiento de los usuarios estas obligaciones, bastando \u00fanicamente la mera publicaci\u00f3n en la p\u00e1gina web del Prestador.<\/p>\n<p>2. CONDICIONES DE ACCESO USO DEL Servicio.<br \/>\n2.1. Libre acceso y uso del\u00a0Servicio. La prestaci\u00f3n de servicios por parte de Relampago Interactive O\u00dc es gratuita para todos los Usuarios. No obstante, algunos de los servicios prestados por el prestador a trav\u00e9s del\u00a0Servicio est\u00e1n sujetos al pago de un precio espec\u00edfico a trav\u00e9s del contrato general de condiciones.<br \/>\n2.2. Registro de usuario. En general, la prestaci\u00f3n de los Servicios no requiere previa suscripci\u00f3n o registro de Usuarios. Aun as\u00ed, Relampago Interactive O\u00dc condiciona la utilizaci\u00f3n de algunos de los servicios \u00fanicamente si el Usuario ha cumplimentado previamente el correspondiente formulario de registro de Usuario. Dicho registro deber\u00e1 cumplimentarse en la forma que expresamente se indique en el propio apartado de servicios.<br \/>\n2.3. Exactitud y veracidad de la informaci\u00f3n Toda la informaci\u00f3n que facilite el Usuario debe ser exacta y veraz. A estos efectos, el Usuario garantiza la autenticidad de los datos facilitados a trav\u00e9s de los formularios para la suscripci\u00f3n de los Servicios. El Usuario es responsable de mantener permanentemente actualizada toda la informaci\u00f3n facilitada a Relampago Interactive O\u00dc de forma que refleje, en todo momento, su situaci\u00f3n real. En todo caso, el Usuario ser\u00e1 el \u00fanico responsable de las manifestaciones falsas o inexactas que realice, as\u00ed como de los perjuicios que puedan ocasionar al prestador oa terceros como consecuencia.<br \/>\n2.4. Menores Para el uso de los servicios, los menores de edad deber\u00e1n obtener siempre el consentimiento previo de sus padres, tutores o representantes legales, quienes son en \u00faltima instancia responsables de todos los actos realizados por dichos menores a su cargo. Tambi\u00e9n son responsables de determinar los contenidos concretos a los que acceden los menores, es decir, en caso de que un menor acceda a contenidos no adecuados a trav\u00e9s de Internet, deber\u00e1n establecer mecanismos en sus ordenadores, en especial programas inform\u00e1ticos, filtros y bloqueos, que sean destinados a limitar los contenidos disponibles y, a pesar de que no son infalibles, son de especial utilidad para controlar y restringir los materiales a los que pueden estar expuestos los menores.<br \/>\n2.5. Obligaci\u00f3n de hacer un uso correcto del Servicio. El Usuario se compromete a utilizar el Servicio de conformidad con la Ley y este Aviso Legal, as\u00ed como con la moral y las buenas costumbres. A tal efecto, el Usuario se abstendr\u00e1 de utilizar la p\u00e1gina para finalidades il\u00edcitas o prohibidas, y \/ o lesivas de los derechos e intereses de terceros, y \/ o que de cualquier forma puedan da\u00f1ar, inutilizar, sobrecargar, deteriorar o prevenir el uso normal de equipos o documentos inform\u00e1ticos, archivos y toda clase de contenidos almacenados en cualquier equipo inform\u00e1tico del prestador.<br \/>\nComo indicaci\u00f3n particular pero no limitativa, el Usuario se compromete a no transmitir, difundir o poner a disposici\u00f3n de terceros informaci\u00f3n, datos, contenidos, mensajes, gr\u00e1ficos, dibujos, archivos de sonido o imagen, fotograf\u00edas, grabaciones, software y, en general, cualquier tipo de material que:<br \/>\n(a) sea contrario, desprecie o atente contra los derechos fundamentales y libertades p\u00fablicas reconocidos por la Constituci\u00f3n Espa\u00f1ola, los tratados internacionales y dem\u00e1s leyes vigentes aplicables;<br \/>\n(b) induzca, incite o promueva actuaciones delictivas, degradantes, difamatorias, violentas o, en general, contrarias a la ley, la moral y el orden p\u00fablico;<br \/>\n(c) inducir, incitar o promover actuaciones, actitudes o pensamientos discriminatorios por raz\u00f3n de sexo, raza, religi\u00f3n, creencias, edad o condici\u00f3n;<br \/>\n(d) sea contraria a los derechos relacionados con el honor, la intimidad personal o familiar o con la propia imagen de la persona;<br \/>\n(e) de cualquier forma perjudique la credibilidad del prestador o de terceros; y<br \/>\n(f) constituya publicidad il\u00edcita, enga\u00f1osa o desleal.<\/p>\n<p>3.- EXCLUSI\u00d3N DE GARANT\u00cdAS Y RESPONSABILIDAD El Prestador se exime de cualquier y toda responsabilidad derivada de la informaci\u00f3n publicada en nuestro Servicio, siempre que esta informaci\u00f3n haya sido manipulada o introducida por un tercero. Este Servicio ha sido revisado y probado para que funcione correctamente. En principio, se puede garantizar su correcto funcionamiento los 365 d\u00edas del a\u00f1o, las 24 horas del d\u00eda. Sin embargo, el Prestador no descarta la posibilidad de que existan ciertos errores de programaci\u00f3n, o que existan causas de fuerza mayor, desastres naturales, huelgas o circunstancias similares que pudieran imposibilitar el acceso al Servicio. Relampago Interactive O\u00dc no otorga garant\u00eda alguna y no se hace responsable, en ning\u00fan caso, de los da\u00f1os y perjuicios de cualquier tipo que pudieran derivarse de la falta de disponibilidad, mantenimiento y eficaz funcionamiento del Servicio o de sus servicios y contenidos; de la existencia de virus, programas maliciosos o contenidos da\u00f1inos; del uso il\u00edcito, negligente, fraudulento o contrario a este Aviso Legal y condiciones de uso; o la falta de licitud, calidad, fiabilidad, utilidad y disponibilidad de los servicios prestados por terceros y mociones a disposici\u00f3n de los usuarios en el sitio Servicio. El prestador no se hace responsable en ning\u00fan caso de los da\u00f1os y perjuicios que pudieran derivarse del uso ilegal o indebido de este sitio Servicio.<\/p>\n<p>4.- COOKIES El Servicio del prestador puede utilizar cookies (peque\u00f1os archivos de informaci\u00f3n que el servidor env\u00eda al ordenador o dispositivo de quien accede a la p\u00e1gina) para llevar a cabo determinadas funciones que son consideradas imprescindibles para el correcto funcionamiento y visualizaci\u00f3n del Servicio. Las cookies que se utilizan tienen, en todo caso, car\u00e1cter temporal, con la \u00fanica finalidad de hacer m\u00e1s eficaz la navegaci\u00f3n, y deben desaparecer una vez finalizada la sesi\u00f3n del usuario. En ning\u00fan caso se utilizar\u00e1n cookies para recopilar informaci\u00f3n personal.<\/p>\n<p>5.- ENLACES Desde el Servicio, es posible que sea redirigido a contenidos de terceros. Dado que no siempre es posible controlar los contenidos introducidos por los terceros, Relampago Interactive O\u00dc no asume ning\u00fan tipo de responsabilidad respecto a estos contenidos. En todo caso, el Prestador manifiesta emprender la retirada inmediata de cualquier contenido que pueda contravenir las leyes nacionales o internacionales, la moral o el orden p\u00fablico, procediendo igualmente a la retirada inmediata de la redirecci\u00f3n a estos sitios web, as\u00ed como informar a las autoridades competentes de la contenido en cuesti\u00f3n. El Prestador no se hace responsable de la informaci\u00f3n y contenidos almacenados que pueden estar incluidos, a t\u00edtulo enunciativo pero no limitativo, en foros, chats, generadores de blogs, comentarios, redes sociales o cualquier otro medio que permita a terceros publicar de forma independiente contenidos del Servicio del prestador. No obstante, y en cumplimiento de lo dispuesto en el art. 11 y 16 de la LSSICE (Ley de la Sociedad de la Informaci\u00f3n y Comercio Electr\u00f3nico en Espa\u00f1a), el Prestador se compromete a estar a disposici\u00f3n de todos los usuarios, autoridades y fuerzas de seguridad, como para colaborar activamente en la retirada o, en su caso, el bloqueo de todos los contenidos que pueda afectar o contravenir las leyes nacionales o internacionales, derechos de terceros o con fines de moralidad y orden p\u00fablico. En el caso de que el usuario considere que puede haber alg\u00fan contenido que pudiera ser susceptible de esta clasificaci\u00f3n, deber\u00e1 notificarlo al administrador del Servicio de inmediato.<\/p>\n<p>6.- PROTECCI\u00d3N DE DATOS DE CAR\u00c1CTER PERSONAL El prestador est\u00e1 profundamente comprometido con el cumplimiento de la normativa de protecci\u00f3n de datos de car\u00e1cter personal y garantiza el pleno cumplimiento de las obligaciones establecidas en dicha normativa, lo que tambi\u00e9n incluye la implementaci\u00f3n de las medidas de seguridad establecidas tanto en el Reglamento Europeo de Protecci\u00f3n de Datos como en el Normativa espa\u00f1ola de protecci\u00f3n de datos. Para obtener m\u00e1s informaci\u00f3n, consulte nuestra Pol\u00edtica de privacidad. http:\/\/localhost:8080\/es\/politica-privacidad\/<\/p>\n<p>7. REDES SOCIALES Le informamos que Relampago Interactive O\u00dc puede estar presente en las redes sociales. El tratamiento de los datos que los usuarios incluyan en las redes sociales [al hacerse seguidores del prestador en las redes sociales (y \/ o realizar cualquier enlace o acci\u00f3n de conexi\u00f3n a trav\u00e9s de estas)] se regir\u00e1 por este apartado, as\u00ed como por las condiciones de uso, pol\u00edticas de privacidad y normativa de acceso y uso de las redes sociales en cuesti\u00f3n y son previamente aceptadas por el usuario. Relampago Interactive O\u00dc tratar\u00e1 sus datos con la finalidad de informarle de las actividades, productos o servicios del prestador a trav\u00e9s de estas redes sociales, as\u00ed como para cualquier otra finalidad que permita la normativa de Redes Sociales, pero no ser\u00e1 responsable de sus Pol\u00edticas de Privacidad. . Est\u00e1n prohibidas las siguientes publicaciones de contenido:<br \/>\n&#8211; Que sean il\u00edcitos por la normativa nacional, comunitaria o internacional o que realicen actividades presuntamente il\u00edcitas o contravengan los principios de la buena fe.<br \/>\n&#8211; Que atenten contra los derechos fundamentales de las personas, la falta de cortes\u00eda en la red, molesten o puedan generar opiniones negativas en nuestros usuarios o terceros y en general cualesquiera que sean los contenidos que Relampago Interactive O\u00dc considere inapropiado.<br \/>\n&#8211; Y en general, cuando contravengan los principios de legalidad, honestidad, responsabilidad, protecci\u00f3n de la dignidad humana, protecci\u00f3n de los menores, protecci\u00f3n del orden p\u00fablico, protecci\u00f3n de la intimidad, protecci\u00f3n del consumidor y derechos de propiedad intelectual e industrial.<br \/>\nAsimismo, Relampago Interactive O\u00dc se reserva el derecho a retirar, sin previo aviso del Servicio o de la red social corporativa, aquellos contenidos que se consideren inapropiados.<\/p>\n<p>8.- PROPIEDAD INTELECTUAL E INDUSTRIAL El Servicio, incluyendo a t\u00edtulo enunciativo pero no limitativo la programaci\u00f3n, edici\u00f3n, compilaci\u00f3n y dem\u00e1s elementos necesarios para su funcionamiento, los dise\u00f1os, logotipos, textos, fotograf\u00edas y \/ o gr\u00e1ficos son todos propiedad del Prestador o en su caso necesario, su uso se basa en un acuerdo de licencia o autorizaci\u00f3n expresa de parte del propietario (s). Todos los contenidos del Servicio se encuentran debidamente protegidos por la normativa de propiedad intelectual e industrial. Independientemente de la finalidad para la que fueron destinados, la reproducci\u00f3n, uso, distribuci\u00f3n y comunicaci\u00f3n p\u00fablica total o parcial requieren autorizaci\u00f3n previa por escrito del Prestador. Cualquier uso no autorizado previamente por parte del Prestador ser\u00e1 considerado un incumplimiento grave de los derechos de propiedad intelectual o industrial de su titular. Los dise\u00f1os, logotipos, textos y \/ o gr\u00e1ficos ajenos al prestador y que pudieran aparecer en el Servicio, son propiedad de sus respectivos titulares, siendo ellos mismos responsables de cualquier posible controversia que pudiera surgir al respecto. En todo caso, el Prestador cuenta con autorizaci\u00f3n expresa y previa de dichos titulares. El Prestador reconoce, a favor de los titulares, sus correspondientes derechos de propiedad industrial e intelectual, por lo que su menci\u00f3n o aparici\u00f3n en el Servicio, no implica la existencia de ning\u00fan derecho o responsabilidad del Prestador sobre los mismos, as\u00ed como respaldo, patrocinio o recomendaci\u00f3n por parte del mismo. Para realizar cualquier tipo de observaci\u00f3n respecto a posibles incumplimientos de los derechos de propiedad intelectual o industrial, as\u00ed como sobre cualquiera de los contenidos del Servicio, puede comunicarse con el Prestador a trav\u00e9s del correo electr\u00f3nico de contacto anterior.<\/p>\n<p>9.- LEY APLICABLE Y JURISDICCI\u00d3N Para la resoluci\u00f3n de las controversias o cuestiones relacionadas con este Servicio o de las actividades que en \u00e9l se desarrollen, se regir\u00e1n por las leyes aplicables en Barcelona, Espa\u00f1a, a las que se someten expresamente las partes, siendo los Juzgados de Relampago Interactive O\u00dc como las entidades competentes que resolver\u00e1n todas las controversias que deriven o se relacionen con el uso realizado por dichas partes.<\/p>\n<p>Este documento fue actualizado por \u00faltima vez el 13 de Noviembre, 2020.<\/p>\n<div id=\"page-full\" class=\"content1180\"><\/div>\n<p><\/p>","protected":false},"excerpt":{"rendered":"<p>Money Race Studios Producido,\u00a0desarrollado y mantenido por Relampago Interactive O\u00dc Sepapaja 6, Tallinn 15551, Harju, Estonia Registry code 14851523 https:\/\/playmoneyrace.com info@playmoneyrace.com Atribuciones\u00a0y Cr\u00e9ditos \u00abCheery Monday\u00bb Kevin MacLeod (incompetech.com) Licensed under Creative Commons: By Attribution 3.0 http:\/\/creativecommons.org\/licenses\/by\/3.0\/ \u00a0T\u00e9rminos y Condiciones 1.- Objeto del Contrato Relampago Interactive O\u00dc (en adelante el Prestador), como entidad responsable del https:\/\/playmoneyrace.com [&hellip;]<\/p>\n","protected":false},"author":1,"featured_media":0,"parent":0,"menu_order":0,"comment_status":"closed","ping_status":"closed","template":"","meta":{"footnotes":""},"class_list":["post-616","page","type-page","status-publish","hentry"],"_links":{"self":[{"href":"https:\/\/playmoneyrace.com\/es\/wp-json\/wp\/v2\/pages\/616","targetHints":{"allow":["GET"]}}],"collection":[{"href":"https:\/\/playmoneyrace.com\/es\/wp-json\/wp\/v2\/pages"}],"about":[{"href":"https:\/\/playmoneyrace.com\/es\/wp-json\/wp\/v2\/types\/page"}],"author":[{"embeddable":true,"href":"https:\/\/playmoneyrace.com\/es\/wp-json\/wp\/v2\/users\/1"}],"replies":[{"embeddable":true,"href":"https:\/\/playmoneyrace.com\/es\/wp-json\/wp\/v2\/comments?post=616"}],"version-history":[{"count":25,"href":"https:\/\/playmoneyrace.com\/es\/wp-json\/wp\/v2\/pages\/616\/revisions"}],"predecessor-version":[{"id":675,"href":"https:\/\/playmoneyrace.com\/es\/wp-json\/wp\/v2\/pages\/616\/revisions\/675"}],"wp:attachment":[{"href":"https:\/\/playmoneyrace.com\/es\/wp-json\/wp\/v2\/media?parent=616"}],"curies":[{"name":"wp","href":"https:\/\/api.w.org\/{rel}","templated":true}]}}