{"id":50,"date":"2016-01-18T20:47:28","date_gmt":"2016-01-18T20:47:28","guid":{"rendered":"http:\/\/www.playmoneyrace.com\/?page_id=50"},"modified":"2020-11-20T18:40:12","modified_gmt":"2020-11-20T18:40:12","slug":"privacy-policy","status":"publish","type":"page","link":"https:\/\/playmoneyrace.com\/es\/politica-privacidad\/","title":{"rendered":"Pol\u00edtica de Privacidad"},"content":{"rendered":"<p>En cumplimiento del Cap\u00edtulo II de la Ley 34\/2002, LSSICE, le informamos que este Sitio Web es propiedad de Relampago Interactive O\u00dc, en adelante referido como \u00abMoney Race Studios\u00bb, con domicilio en Sepapaja 6, Tallinn 15551, Harju, Estonia, con C\u00f3digo de registro 14851523 y correo electr\u00f3nico: info@playmoneyrace.com.<\/p>\n<p>Esta Pol\u00edtica de privacidad rige la manera en que Money Race Studios recopila, usa, mantiene y divulga la informaci\u00f3n recopilada de los usuarios (cada uno, un \u00abUsuario\u00bb) del sitio web http:\/\/localhost:8080 (\u00abSitio\u00bb) y los juegos Money Race y Money Race 2 (\u00abJuego\u00bb), el Sitio y el Juego se denominan el servicio (\u00abServicio\u00bb).<\/p>\n<p>Money Race Studios es el responsable de este Sitio Web y de acuerdo con lo dispuesto en la normativa vigente en materia de protecci\u00f3n de datos personales, Reglamento (UE) 2016\/679 de 27 de abril de 2016 (GDPR) sobre Protecci\u00f3n de Datos Personales, en lo que respecta al tratamiento de datos personales y la libre circulaci\u00f3n de dichos datos, Ley Org\u00e1nica 15\/1999, de 13 de diciembre, de Protecci\u00f3n de Datos de Car\u00e1cter Personal (LOPD) y Ley 34\/2002, de 11 de julio, de la Sociedad de la Informaci\u00f3n y Comercio Electr\u00f3nico Servicios (LSSICE), ha implementado todas las medidas de seguridad, tanto t\u00e9cnicas como organizativas, establecidas por el Real Decreto 1720\/2007 de 21 de diciembre (que desarrolla la LOPD) para garantizar y proteger la confidencialidad, integridad y disponibilidad de los datos introducidos.<\/p>\n<p>A los efectos de lo dispuesto en la LOPD, Money Race Studios le informa que la informaci\u00f3n que nos est\u00e1 proporcionando voluntariamente ser\u00e1 incorporada a nuestros sistemas de informaci\u00f3n con el fin de realizar los tr\u00e1mites comerciales y administrativos necesarios con los Usuarios para operar y utilizar el Servicio. Las operaciones previstas a realizar son las siguientes: atender consultas y \/ o facilitar informaci\u00f3n solicitada por el Usuario; realizar la prestaci\u00f3n de servicios y \/ o productos contratados o suscritos por el Usuario para el funcionamiento del Servicio; Realizar todas aquellas actividades de Money Race Studios descritas en este aviso legal, y enviar el bolet\u00edn electr\u00f3nico.<\/p>\n<h3>Informaci\u00f3n de identificaci\u00f3n personal<\/h3>\n<p>Podemos recopilar informaci\u00f3n de identificaci\u00f3n personal de los Usuarios de diversas formas, que incluyen, entre otras, cuando los Usuarios visitan nuestro Servicio, se registran en el Servicio, completan un formulario y en relaci\u00f3n con otras actividades, servicios, caracter\u00edsticas o recursos que\u00a0ponemos a disposici\u00f3n de los Usuarios en nuestro Servicio. A los Usuarios se les puede solicitar, seg\u00fan corresponda, el nombre y la direcci\u00f3n de correo electr\u00f3nico. Sin embargo, los usuarios pueden visitar nuestro Servicio de forma an\u00f3nima. Recopilaremos informaci\u00f3n de identificaci\u00f3n personal de los usuarios solo si nos env\u00edan voluntariamente dicha informaci\u00f3n. Los usuarios siempre pueden negarse a proporcionar informaci\u00f3n de identificaci\u00f3n personal,\u00a0pudiendo no participar en ciertas actividades relacionadas con el Servicio.\u00a0Puede solicitarnos\u00a0toda su informaci\u00f3n de identificaci\u00f3n personal\u00a0que tenemos almacenada y perdimos que la eliminemos\u00a0contactandonos\u00a0en nuestro\u00a0<a href=\"http:\/\/localhost:8080\/es\/#contact\">formulario de contacto<\/a>.<\/p>\n<h3>Informaci\u00f3n de identificaci\u00f3n no personal<\/h3>\n<p>Podemos recopilar informaci\u00f3n de identificaci\u00f3n no personal sobre los Usuarios cada vez que interact\u00faan con\u00a0el Servicio. La informaci\u00f3n de identificaci\u00f3n no personal puede incluir el nombre del navegador web y su versi\u00f3n, el tipo de computadora, dispositivos y cualquier informaci\u00f3n t\u00e9cnica sobre los medios de conexi\u00f3n de los Usuarios a nuestro Servicio, como el sistema operativo y los proveedores de servicios de Internet utilizados y otra informaci\u00f3n similar, as\u00ed como su ubicaci\u00f3n geogr\u00e1fica y datos demogr\u00e1ficos.<\/p>\n<h3>Cookies\u00a0del Dispositivo<\/h3>\n<p>Nuestro Servicio puede utilizar \u00abcookies\u00bb para mejorar la experiencia del usuario. El\u00a0Servicio\u00a0coloca cookies en su disco duro para fines de mantenimiento de registros y, a veces, para rastrear informaci\u00f3n del Usuario. El\u00a0Usuario puede optar por configurar su\u00a0dispositivo para rechazar las cookies y, o, eliminar las cookies. Si el Usuario lo hace, tenga en cuenta que algunas partes del Servicio pueden no funcionar correctamente.<\/p>\n<p>Algunas de las cookies son colocadas y usadas por proveedores de terceros del Servicio y son usadas para rastrear y relacionar informaci\u00f3n no personal sobre los Usuarios, dispositivo del Usuario, y uso del Servicio, a trav\u00e9s del Servicio y servicios de terceros.<\/p>\n<h3>C\u00f3mo se usa la informaci\u00f3n obtenida<\/h3>\n<p>Money Race Studios may collect and use Users personal information for the following purposes:<\/p>\n<ul>\n<li style=\"font-weight: inherit; font-style: inherit;\"><em>Para ejecutar y operar nuestro Servicio.<\/em><br \/>\nEs posible que necesitemos que su informaci\u00f3n muestre el contenido del Servicio correctamente.<\/li>\n<li style=\"font-weight: inherit; font-style: inherit;\"><em>Para mejorar el servicio al cliente.<\/em><br \/>\nLa informaci\u00f3n que proporciona nos ayuda a responder a sus solicitudes de servicio al cliente y necesidades de soporte de manera m\u00e1s eficiente.<\/li>\n<li style=\"font-weight: inherit; font-style: inherit;\"><em>Para personalizar la experiencia del usuario.<\/em><br \/>\nPodemos utilizar la informaci\u00f3n en conjunto para comprender c\u00f3mo nuestros Usuarios como grupo utilizan los servicios y recursos proporcionados en nuestro Servicio.<\/li>\n<li style=\"font-weight: inherit; font-style: inherit;\"><em>Para enviar correos electr\u00f3nicos peri\u00f3dicos<\/em><br \/>\nPodemos utilizar la direcci\u00f3n de correo electr\u00f3nico para enviar informaci\u00f3n del usuario y actualizaciones relacionadas con su pedido. Tambi\u00e9n se puede utilizar para responder a sus consultas, preguntas y \/ u otras solicitudes.<\/li>\n<\/ul>\n<h3>C\u00f3mo protegemos tu informaci\u00f3n<\/h3>\n<p>Adoptamos pr\u00e1cticas adecuadas de recopilaci\u00f3n, almacenamiento y procesamiento de datos y medidas de seguridad para proteger contra el acceso no autorizado, la alteraci\u00f3n, la divulgaci\u00f3n o la destrucci\u00f3n de su informaci\u00f3n personal, nombre de usuario, contrase\u00f1a, informaci\u00f3n de transacciones y datos almacenados en nuestro Servicio.<\/p>\n<h3>Divulgaci\u00f3n\u00a0de tu informaci\u00f3n personal<\/h3>\n<p>No vendemos, intercambiamos ni alquilamos la informaci\u00f3n de identificaci\u00f3n personal de los Usuarios a terceros. Podemos compartir informaci\u00f3n demogr\u00e1fica agregada gen\u00e9rica que no est\u00e9 vinculada a ninguna informaci\u00f3n de identificaci\u00f3n personal sobre visitantes y Usuarios con nuestros socios comerciales, afiliados de confianza y anunciantes para los fines descritos anteriormente. Podemos utilizar proveedores de servicios de terceros para ayudarnos a operar nuestro negocio y el Servicio o administrar actividades en nuestro nombre, como el env\u00edo de boletines o encuestas. Podemos compartir su informaci\u00f3n con estos terceros para esos fines limitados siempre que nos haya dado su permiso.<\/p>\n<h3>Google Firebase<\/h3>\n<p>Google Firebase\u00a0es un servicio de terceros que usamos para prop\u00f3sitos de an\u00e1lisis de datos\u00a0y parte de la operativa del algunas funcionalidades del Servicio.\u00a0Firebase recopila y proporciona al Servicio parte de la informaci\u00f3n de identificaci\u00f3n no personal del Usuario y la informaci\u00f3n de identificaci\u00f3n personal del Usuario para mejorar y proporcionar la funcionalidad del Servicio. As\u00ed es como el Servicio usa las funciones de Firebase para recopilar y usar los datos del usuario:<\/p>\n<ul>\n<li>Firebase Cloud Functions : recopila la direcci\u00f3n IP de un usuario para el manejo de eventos y las funciones HTTP<\/li>\n<li>Firebase Authentication: puede recopilar la contrase\u00f1a, la direcci\u00f3n de correo electr\u00f3nico, el n\u00famero de tel\u00e9fono, el agente de usuario y la direcci\u00f3n IP de un usuario con fines de autenticaci\u00f3n.<\/li>\n<li>Firebase Cloud Messaging: recopila los ID de instancia para determinar a qu\u00e9 dispositivo enviar un mensaje<\/li>\n<li>Firebase Crash Reporting: recopila seguimientos de fallas e ID de instancias con fines de diagn\u00f3stico<\/li>\n<li>Firebase Crashlytics: la \u00faltima versi\u00f3n recopila el UUID de instalaci\u00f3n de un usuario, la direcci\u00f3n IP y la informaci\u00f3n de tecnolog\u00eda del dispositivo.<\/li>\n<li>Firebase Dynamic Links: recopila las especificaciones del dispositivo de un usuario para abrir aplicaciones en una p\u00e1gina web espec\u00edfica.<\/li>\n<li>Firebase Hosting: recopila direcciones IP con fines de seguridad y diagn\u00f3stico.<\/li>\n<li>Firebase Performance Monitoring: recopila la direcci\u00f3n IP y el ID de instancia de un usuario para supervisar el acceso a los recursos y trazar eventos de rendimiento<\/li>\n<li>Firebase Predictions: recopila ID de instancia para ayudar a predecir eventos especificados por el cliente.<\/li>\n<li>Firebase Realtime Database: recopila la direcci\u00f3n IP y el agente de usuario de un usuario para identificar tendencias de uso.<\/li>\n<li>Firebase Remote Config: recopila los ID de instancia para guardar la configuraci\u00f3n espec\u00edfica del usuario.<br \/>\nGoogle Analytics para Firebase: puede recopilar el ID de\u00a0publicidad\u00a0de un usuario, el ID de IDfV (iOS) o el ID de Android, el ID de instancia y el ID de instancia de la aplicaci\u00f3n de Analytics con fines anal\u00edticos.<\/li>\n<li>ML Kit para Firebase: puede recopilar las im\u00e1genes subidas por un usuario y el ID de instancia para usar con la API de Vision<\/li>\n<\/ul>\n<h3>Boletines electr\u00f3nicos<\/h3>\n<p>Si el Usuario decide suscribirse a nuestra lista de correo, recibir\u00e1 correos electr\u00f3nicos que pueden incluir noticias de la compa\u00f1\u00eda, actualizaciones, informaci\u00f3n relacionada con productos o servicios, etc. Podemos utilizar proveedores de servicios externos para ayudarnos a operar nuestro negocio y el Servicio o administrar actividades en nuestro nombre, como el env\u00edo de boletines informativos o encuestas. Podemos compartir su informaci\u00f3n con estos terceros para esos fines limitados siempre que nos haya dado su permiso.\u00a0\u00a0Puede optar por no recibir y desuscribirse de nuestro bolet\u00edn electr\u00f3nico\u00a0y cualquier tipo de\u00a0comunicaci\u00f3n no esencial para el uso del Servicio\u00a0contactandonos\u00a0por nuestro\u00a0<a href=\"http:\/\/localhost:8080\/es\/#contact\">formulario de contacto<\/a>.<\/p>\n<h3>Contenidos de terceras partes<\/h3>\n<p>Los Usuarios pueden encontrar publicidad u otro contenido en nuestro Servicio que se vincule a los sitios y servicios de nuestros socios, proveedores, anunciantes, patrocinadores, licenciatarios y otros terceros. No controlamos el contenido o los enlaces que aparecen en estos sitios y no somos responsables de las pr\u00e1cticas empleadas por los sitios web vinculados hacia o desde nuestro Servicio. Adem\u00e1s, estos sitios o servicios, incluido su contenido y enlaces, pueden cambiar constantemente. Estos sitios y servicios pueden tener sus propias pol\u00edticas de privacidad y pol\u00edticas de servicio al cliente. La navegaci\u00f3n y la interacci\u00f3n en cualquier otro sitio web, incluidos los sitios web que tienen un enlace a nuestro Servicio, est\u00e1n sujetos a los propios t\u00e9rminos y pol\u00edticas de ese sitio web.<\/p>\n<h3>Publicidad<\/h3>\n<p>Los anuncios que aparecen en\u00a0el Servicio pueden ser entregados a los Usuarios por socios publicitarios, quienes pueden establecer cookies. Estas cookies permiten que el servidor de anuncios reconozca su computadora o dispositivo electr\u00f3nico cada vez que le env\u00edan un anuncio en l\u00ednea para recopilar informaci\u00f3n de identificaci\u00f3n no personal sobre usted u otras personas que usan su computadora o dispositivo electr\u00f3nico. Esta informaci\u00f3n permite que las redes publicitarias, entre otras cosas, publiquen anuncios dirigidos que creen que ser\u00e1n de mayor inter\u00e9s para usted. Esta pol\u00edtica de privacidad no cubre el uso de cookies por parte de ning\u00fan anunciante.<\/p>\n<h3>Appodeal<\/h3>\n<p>Appodeal puede publicar algunos de los anuncios. Appodeal es un intermediario entre m\u00faltiples redes publicitarias. Al utilizar el Servicio, tambi\u00e9n reconoce y comprende c\u00f3mo Appodeal utiliza la informaci\u00f3n del usuario y acepta los t\u00e9rminos y la pol\u00edtica de privacidad de Appodeal en <a style=\"font-weight: inherit; font-style: inherit; color: #006a90;\" href=\"https:\/\/www.appodeal.com\/home\/privacy-policy\/\">https:\/\/www.appodeal.com\/home\/privacy-policy\/<\/a><\/p>\n<h3>Google Adsense<\/h3>\n<p>Es posible que Google publique algunos de los anuncios. El uso de Google de la cookie DART le permite mostrar anuncios a los Usuarios en funci\u00f3n de su visita a nuestro Servicio y otros sitios de Internet. DART utiliza \u00abinformaci\u00f3n de identificaci\u00f3n no personal\u00bb y NO rastrea informaci\u00f3n personal sobre usted, como su nombre, direcci\u00f3n de correo electr\u00f3nico, direcci\u00f3n f\u00edsica, etc. Puede optar por no usar la cookie de DART visitando la red de\u00a0Google\u00a0de publicidad\u00a0y conteniendo.\u00a0Al utilizar el Servicio, tambi\u00e9n reconoce y comprende c\u00f3mo\u00a0Google Adsense utiliza la informaci\u00f3n del usuario y acepta los t\u00e9rminos y la pol\u00edtica de privacidad de\u00a0Google en\u00a0<a style=\"font-weight: inherit; font-style: inherit; color: #006a90;\" href=\"http:\/\/www.google.com\/privacy_ads.html\">http:\/\/www.google.com\/privacy_ads.html<\/a><\/p>\n<h3>Cambios a esta pol\u00edtica de privacidad<\/h3>\n<p>Money Race Studios tiene la facultad de actualizar esta pol\u00edtica de privacidad en cualquier momento. En dichos supuestos, anunciar\u00e1 en esta p\u00e1gina los cambios introducidos con razonable antelaci\u00f3n a su puesta en pr\u00e1ctica. Cuando lo hagamos, revisaremos la fecha de actualizaci\u00f3n en la parte inferior de esta p\u00e1gina. Alentamos a los Usuarios a que consulten con frecuencia esta p\u00e1gina para ver si hay cambios y mantenerse informados sobre c\u00f3mo estamos ayudando a proteger la informaci\u00f3n personal que recopilamos. Usted reconoce y acepta que es su responsabilidad revisar esta pol\u00edtica de privacidad peri\u00f3dicamente y conocer las modificaciones.<\/p>\n<h3>Tu aceptaci\u00f3n de estos t\u00e9rminos<\/h3>\n<p>Al utilizar el Servicio, usted manifiesta su aceptaci\u00f3n de esta pol\u00edtica. Si no est\u00e1 de acuerdo con esta pol\u00edtica, no utilice nuestro Servicio. Su uso continuado del Servicio despu\u00e9s de la publicaci\u00f3n de cambios a esta pol\u00edtica se considerar\u00e1 su aceptaci\u00f3n de dichos cambios.<\/p>\n<h3>Ponte en contacto<\/h3>\n<p>Si tiene alguna pregunta sobre esta Pol\u00edtica de privacidad, las pr\u00e1cticas de este Servicio o su trato con este Servicio, comun\u00edquese con nosotros.<\/p>\n<p>Este documento fue actualizado por \u00faltima vez el\u00a020 de Noviembre,\u00a02020.<\/p>","protected":false},"excerpt":{"rendered":"<p>En cumplimiento del Cap\u00edtulo II de la Ley 34\/2002, LSSICE, le informamos que este Sitio Web es propiedad de Relampago Interactive O\u00dc, en adelante referido como \u00abMoney Race Studios\u00bb, con domicilio en Sepapaja 6, Tallinn 15551, Harju, Estonia, con C\u00f3digo de registro 14851523 y correo electr\u00f3nico: info@playmoneyrace.com. Esta Pol\u00edtica de privacidad rige la manera en [&hellip;]<\/p>\n","protected":false},"author":1,"featured_media":0,"parent":0,"menu_order":0,"comment_status":"closed","ping_status":"closed","template":"","meta":{"footnotes":""},"class_list":["post-50","page","type-page","status-publish","hentry"],"_links":{"self":[{"href":"https:\/\/playmoneyrace.com\/es\/wp-json\/wp\/v2\/pages\/50","targetHints":{"allow":["GET"]}}],"collection":[{"href":"https:\/\/playmoneyrace.com\/es\/wp-json\/wp\/v2\/pages"}],"about":[{"href":"https:\/\/playmoneyrace.com\/es\/wp-json\/wp\/v2\/types\/page"}],"author":[{"embeddable":true,"href":"https:\/\/playmoneyrace.com\/es\/wp-json\/wp\/v2\/users\/1"}],"replies":[{"embeddable":true,"href":"https:\/\/playmoneyrace.com\/es\/wp-json\/wp\/v2\/comments?post=50"}],"version-history":[{"count":42,"href":"https:\/\/playmoneyrace.com\/es\/wp-json\/wp\/v2\/pages\/50\/revisions"}],"predecessor-version":[{"id":690,"href":"https:\/\/playmoneyrace.com\/es\/wp-json\/wp\/v2\/pages\/50\/revisions\/690"}],"wp:attachment":[{"href":"https:\/\/playmoneyrace.com\/es\/wp-json\/wp\/v2\/media?parent=50"}],"curies":[{"name":"wp","href":"https:\/\/api.w.org\/{rel}","templated":true}]}}